{"id":354,"date":"2019-10-03T16:19:55","date_gmt":"2019-10-03T16:19:55","guid":{"rendered":"http:\/\/physics.uwb.edu.pl\/wf\/wolszewski\/?page_id=354"},"modified":"2024-07-09T08:05:35","modified_gmt":"2024-07-09T08:05:35","slug":"grants-and-patents","status":"publish","type":"page","link":"https:\/\/physics.uwb.edu.pl\/wf\/wolszewski\/en\/grants-and-patents\/","title":{"rendered":"Grants and patents"},"content":{"rendered":"\n<h2 class=\"wp-block-heading\"><strong><em>Grants:<\/em><\/strong><\/h2>\n\n\n\n<ol class=\"wp-block-list\">\n<li>2022 \u2013 <strong>\u201cMagnetic characterization of gallium nano-ferrites coated with chitosan and silica\u201d<\/strong> \u2013 contractor in a grant awarded by Joint Institute for Nuclear Research (JINR), Russia (project PPPB\/120-15\/1142\/2022); <em>&#8211; grant cancelled due to the geopolitical situation<\/em>.<\/li>\n\n\n\n<li>2022 \u2013 <strong>\u201cInvestigation of hydrophilic functionalized gallium ferrite \u2013 magnetite nanoparticles by SANS and neutron diffraction techniques- continuation\u201d<\/strong> \u2013 contractor in a grant awarded by Joint Institute for Nuclear Research (JINR), Russia (project PPPB\/120-8\/1142\/2022); <em>&#8211; grant cancelled due to the geopolitical situation<\/em>.<\/li>\n\n\n\n<li>2021 \u2013 <strong>\u201cInvestigation of hydrophilic functionalized gallium ferrite \u2013 magnetite nanoparticles by SANS and neutron diffraction techniques- continuation\u201d<\/strong> \u2013 contractor in a grant awarded by Joint Institute for Nuclear Research (JINR), Russia (project 75-15\/04-4-1121-2015\/2021);<\/li>\n\n\n\n<li>2020 \u2013 <strong>\u201cInvestigation of hydrophilic functionalized gallium ferrite \u2013 magnetite nanoparticles by SANS and neutron diffraction techniques\u201d<\/strong> \u2013 contractor in a grant awarded by Joint Institute for Nuclear Research (JINR), Russia (project 75-15\/04-4-1121-2015\/2020);<\/li>\n\n\n\n<li>2019 \u2013 2023 \u2013 <strong>\u201cObrazowanie oddzia\u0142ywa\u0144 nadsubtelnych w spektrometrii m\u00f6ssbauerowskiej\u201d<\/strong> \u2013 contractor in a grant awarded by National Science Center (project 2018\/31\/B\/ST3\/00279);<\/li>\n\n\n\n<li>2014 &#8211; 2015 &#8211; <strong>&#8222;Zeolitic materials as host structures for nanoparticles. Synthesis, advanced characterisation and nanotechnological, catalytic and environmental applications&#8221;<\/strong> &#8211; contractor in a grant awarded by Ministerio de Economia y Competitividad de Espa<em>\u00f1<\/em>a (project MAT2012-38567-C02-02);<\/li>\n\n\n\n<li>2013 \u2013 <strong>\u201eResearch on the iron-based superconductors\u201d<\/strong> \u2013 main contractor in a grant financed from funds for the development of young scientists;<\/li>\n\n\n\n<li>2012 \u2013 <strong>\u201eResearch on the impact of water concentration on changes in the local environment of iron ion in selected electrolytes\u201d<\/strong> \u2013 main contractor in a grant financed from funds for the development of young scientists<\/li>\n\n\n\n<li>2011 \u2013 <strong>\u201eM\u00f6ssbauer studies of acetone-based electrolytes<\/strong>\u201d \u2013 main contractor in a grant financed from funds for the development of young scientists;<\/li>\n\n\n\n<li>2008 &#8211; 2011 &#8211; <strong>&#8222;Invariants&#8217; method in M\u00f6ssbauer spectroscopy and application to selected magnetic systems for microscopic examination&#8221;<\/strong> &#8211; contractor in a grant awarded by the Ministry of Science and Higher Education (project N N202 172335);<\/li>\n\n\n\n<li>2007 &#8211; 2008 &#8211; <strong>&#8222;Electrolyte and method of deposition of metalic layers, especially of iron, cobalt, nickel, copper and zinc&#8221;<\/strong> &#8211; contractor in the grant awarded under the Minister&#8217;s program &#8222;Patent Plus &#8211; support for patenting inventions arising in scientific units&#8221; (based on Decision No. DWI-1\/E-342\/PMPP\/2007 from 23rd of November 2007).<\/li>\n<\/ol>\n\n\n\n<h2 class=\"wp-block-heading\"><strong><em>Patents:<\/em><\/strong><\/h2>\n\n\n\n<ol class=\"wp-block-list\">\n<li>K.Szymanski and W.Olszewski, <strong>&#8222;<span class=\"tlid-translation translation\" lang=\"en\"><span class=\"\" title=\"\">Method of deposition of metalic layers, especially of iron, cobalt, nickel, copper and zinc, and electrolyte for the electrodeposition of metallic layers<\/span><\/span>&#8222;<\/strong> &#8211; Polish Patent No. 207757.<\/li>\n<\/ol>\n","protected":false},"excerpt":{"rendered":"<p>Grants: Patents:<\/p>\n","protected":false},"author":25,"featured_media":0,"parent":0,"menu_order":2,"comment_status":"closed","ping_status":"closed","template":"","meta":{"site-sidebar-layout":"default","site-content-layout":"","ast-site-content-layout":"default","site-content-style":"default","site-sidebar-style":"default","ast-global-header-display":"","ast-banner-title-visibility":"","ast-main-header-display":"","ast-hfb-above-header-display":"","ast-hfb-below-header-display":"","ast-hfb-mobile-header-display":"","site-post-title":"","ast-breadcrumbs-content":"","ast-featured-img":"","footer-sml-layout":"","ast-disable-related-posts":"","theme-transparent-header-meta":"","adv-header-id-meta":"","stick-header-meta":"","header-above-stick-meta":"","header-main-stick-meta":"","header-below-stick-meta":"","astra-migrate-meta-layouts":"default","ast-page-background-enabled":"default","ast-page-background-meta":{"desktop":{"background-color":"var(--ast-global-color-4)","background-image":"","background-repeat":"repeat","background-position":"center center","background-size":"auto","background-attachment":"scroll","background-type":"","background-media":"","overlay-type":"","overlay-color":"","overlay-opacity":"","overlay-gradient":""},"tablet":{"background-color":"","background-image":"","background-repeat":"repeat","background-position":"center center","background-size":"auto","background-attachment":"scroll","background-type":"","background-media":"","overlay-type":"","overlay-color":"","overlay-opacity":"","overlay-gradient":""},"mobile":{"background-color":"","background-image":"","background-repeat":"repeat","background-position":"center center","background-size":"auto","background-attachment":"scroll","background-type":"","background-media":"","overlay-type":"","overlay-color":"","overlay-opacity":"","overlay-gradient":""}},"ast-content-background-meta":{"desktop":{"background-color":"var(--ast-global-color-5)","background-image":"","background-repeat":"repeat","background-position":"center center","background-size":"auto","background-attachment":"scroll","background-type":"","background-media":"","overlay-type":"","overlay-color":"","overlay-opacity":"","overlay-gradient":""},"tablet":{"background-color":"var(--ast-global-color-5)","background-image":"","background-repeat":"repeat","background-position":"center center","background-size":"auto","background-attachment":"scroll","background-type":"","background-media":"","overlay-type":"","overlay-color":"","overlay-opacity":"","overlay-gradient":""},"mobile":{"background-color":"var(--ast-global-color-5)","background-image":"","background-repeat":"repeat","background-position":"center center","background-size":"auto","background-attachment":"scroll","background-type":"","background-media":"","overlay-type":"","overlay-color":"","overlay-opacity":"","overlay-gradient":""}},"ngg_post_thumbnail":0,"footnotes":""},"class_list":["post-354","page","type-page","status-publish","hentry"],"_links":{"self":[{"href":"https:\/\/physics.uwb.edu.pl\/wf\/wolszewski\/wp-json\/wp\/v2\/pages\/354","targetHints":{"allow":["GET"]}}],"collection":[{"href":"https:\/\/physics.uwb.edu.pl\/wf\/wolszewski\/wp-json\/wp\/v2\/pages"}],"about":[{"href":"https:\/\/physics.uwb.edu.pl\/wf\/wolszewski\/wp-json\/wp\/v2\/types\/page"}],"author":[{"embeddable":true,"href":"https:\/\/physics.uwb.edu.pl\/wf\/wolszewski\/wp-json\/wp\/v2\/users\/25"}],"replies":[{"embeddable":true,"href":"https:\/\/physics.uwb.edu.pl\/wf\/wolszewski\/wp-json\/wp\/v2\/comments?post=354"}],"version-history":[{"count":10,"href":"https:\/\/physics.uwb.edu.pl\/wf\/wolszewski\/wp-json\/wp\/v2\/pages\/354\/revisions"}],"predecessor-version":[{"id":1631,"href":"https:\/\/physics.uwb.edu.pl\/wf\/wolszewski\/wp-json\/wp\/v2\/pages\/354\/revisions\/1631"}],"wp:attachment":[{"href":"https:\/\/physics.uwb.edu.pl\/wf\/wolszewski\/wp-json\/wp\/v2\/media?parent=354"}],"curies":[{"name":"wp","href":"https:\/\/api.w.org\/{rel}","templated":true}]}}