{"id":62,"date":"2019-05-22T17:23:56","date_gmt":"2019-05-22T17:23:56","guid":{"rendered":"http:\/\/physics.uwb.edu.pl\/wf\/wolszewski\/?page_id=62"},"modified":"2024-07-09T08:05:42","modified_gmt":"2024-07-09T08:05:42","slug":"granty","status":"publish","type":"page","link":"https:\/\/physics.uwb.edu.pl\/wf\/wolszewski\/granty\/","title":{"rendered":"Granty i patenty"},"content":{"rendered":"\n<h2 class=\"wp-block-heading\"><strong><em>Granty:<\/em><\/strong><\/h2>\n\n\n\n<ol class=\"wp-block-list\">\n<li>2022 \u2013 <strong>\u201cMagnetic characterization of gallium nano-ferrites coated with chitosan and silica\u201d<\/strong> \u2013 wykonawca w grancie przyznanym przez Joint Institute for Nuclear Research (JINR), Rosja (projekt PPPB\/120-15\/1142\/2022); <em>&#8211; grant skasowany ze wzgl\u0119du na sytuacj\u0119 geopolityczn\u0105<\/em>.<\/li>\n\n\n\n<li>2022 \u2013 <strong>\u201cInvestigation of hydrophilic functionalized gallium ferrite \u2013 magnetite nanoparticles by SANS and neutron diffraction techniques- continuation\u201d<\/strong> \u2013 wykonawca w grancie przyznanym przez Joint Institute for Nuclear Research (JINR), Rosja (projekt PPPB\/120-8\/1142\/2022); <em>&#8211; grant skasowany ze wzgl\u0119du na sytuacj\u0119 geopolityczn\u0105<\/em>.<\/li>\n\n\n\n<li>2021 \u2013 <strong>\u201cInvestigation of hydrophilic functionalized gallium ferrite \u2013 magnetite nanoparticles by SANS and neutron diffraction techniques- continuation\u201d<\/strong> \u2013 wykonawca w grancie przyznanym przez Joint Institute for Nuclear Research (JINR), Rosja (projekt 75-15\/04-4-1121-2015\/2021);<\/li>\n\n\n\n<li>2020 \u2013 <strong>\u201cInvestigation of hydrophilic functionalized gallium ferrite \u2013 magnetite nanoparticles by SANS and neutron diffraction techniques\u201d<\/strong> \u2013 wykonawca w grancie przyznanym przez Joint Institute for Nuclear Research (JINR), Rosja (projekt 75-15\/04-4-1121-2015\/2020);<\/li>\n\n\n\n<li>2019 \u2013 2023 \u2013 <strong>\u201cObrazowanie oddzia\u0142ywa\u0144 nadsubtelnych w spektrometrii m\u00f6ssbauerowskiej\u201d<\/strong> \u2013 wykonawca w grancie przyznanym przez Narodowe Centrum Nauki (projekt 2018\/31\/B\/ST3\/00279);<\/li>\n\n\n\n<li>2014 &#8211; 2015 &#8211; <strong>&#8222;Zeolitic materials as host structures for nanoparticles. Synthesis, advanced characterisation and nanotechnological, catalytic and environmental applications&#8221;<\/strong> &#8211; wykonawca w grancie przyznanym przez Ministerio de Economia y Competitividad de Espa<em>\u00f1<\/em>a (projekt MAT2012-38567-C02-02);<\/li>\n\n\n\n<li>2013 \u2013 <strong>\u201eBadania nadprzewodnik\u00f3w na bazie \u017celaza\u201d<\/strong> \u2013 g\u0142\u00f3wny wykonawca w grancie finansowanym ze \u015brodk\u00f3w s\u0142u\u017c\u0105cych rozwojowi m\u0142odych naukowc\u00f3w;<\/li>\n\n\n\n<li>2012 \u2013 <strong>\u201eBadania wp\u0142ywu koncentracji wody na zmiany lokalnego otoczenia jonu \u017celaza w wybranych elektrolitach\u201d<\/strong> \u2013 g\u0142\u00f3wny wykonawca w grancie finansowanym ze \u015brodk\u00f3w s\u0142u\u017c\u0105cych rozwojowi m\u0142odych naukowc\u00f3w;<\/li>\n\n\n\n<li>2011 \u2013 <strong>\u201eBadania m\u00f6ssbauerowskie elektrolit\u00f3w na bazie acetonu<\/strong>\u201d \u2013 g\u0142\u00f3wny wykonawca w grancie finansowanym ze \u015brodk\u00f3w s\u0142u\u017c\u0105cych rozwojowi m\u0142odych naukowc\u00f3w;<\/li>\n\n\n\n<li>2008 &#8211; 2011 &#8211; <strong>&#8222;Metoda niezmiennik\u00f3w w spektroskopii m\u00f6ssbauerowskiej i zastosowanie do mikroskopowych bada\u0144 wybranych uk\u0142ad\u00f3w magnetycznych&#8221;<\/strong> &#8211; wykonawca w grancie przyznanym przez Ministerstwo Nauki i Szkolnictwa Wy\u017cszego (projekt N N202 172335);<\/li>\n\n\n\n<li>2007 &#8211; 2008 &#8211; <strong>&#8222;Elektrolit i spos\u00f3b nanoszenia warstw metali, zw\u0142aszcza \u017celaza, kobaltu, niklu, miedzi i cynku&#8221;<\/strong> &#8211; wykonawca w grancie przyznanym w ramach programu Ministra \u201ePatent Plus \u2013 wsparcie patentowania wynalazk\u00f3w powstaj\u0105cych w jednostkach naukowych\u201d (na podstawie decyzji Nr DWI-1\/E-342\/PMPP\/2007 z dnia 23 listopada 2007).<\/li>\n<\/ol>\n\n\n\n<h2 class=\"wp-block-heading\"><strong><em>Patenty:<\/em><\/strong><\/h2>\n\n\n\n<ol class=\"wp-block-list\">\n<li>K.Szymanski i W.Olszewski, <strong>&#8222;Spos\u00f3b nanoszenia warstw metali, zw\u0142aszcza \u017celaza, kobaltu, niklu, miedzi i cynku oraz elektrolit do wytwarzania warstw metalicznych&#8221;<\/strong> &#8211; Patent UPRP Nr 207757.<\/li>\n<\/ol>\n","protected":false},"excerpt":{"rendered":"<p>Granty: Patenty:<\/p>\n","protected":false},"author":25,"featured_media":0,"parent":0,"menu_order":2,"comment_status":"closed","ping_status":"closed","template":"","meta":{"site-sidebar-layout":"default","site-content-layout":"","ast-site-content-layout":"default","site-content-style":"default","site-sidebar-style":"default","ast-global-header-display":"","ast-banner-title-visibility":"","ast-main-header-display":"","ast-hfb-above-header-display":"","ast-hfb-below-header-display":"","ast-hfb-mobile-header-display":"","site-post-title":"","ast-breadcrumbs-content":"","ast-featured-img":"","footer-sml-layout":"","ast-disable-related-posts":"","theme-transparent-header-meta":"","adv-header-id-meta":"","stick-header-meta":"","header-above-stick-meta":"","header-main-stick-meta":"","header-below-stick-meta":"","astra-migrate-meta-layouts":"default","ast-page-background-enabled":"default","ast-page-background-meta":{"desktop":{"background-color":"var(--ast-global-color-4)","background-image":"","background-repeat":"repeat","background-position":"center center","background-size":"auto","background-attachment":"scroll","background-type":"","background-media":"","overlay-type":"","overlay-color":"","overlay-opacity":"","overlay-gradient":""},"tablet":{"background-color":"","background-image":"","background-repeat":"repeat","background-position":"center center","background-size":"auto","background-attachment":"scroll","background-type":"","background-media":"","overlay-type":"","overlay-color":"","overlay-opacity":"","overlay-gradient":""},"mobile":{"background-color":"","background-image":"","background-repeat":"repeat","background-position":"center center","background-size":"auto","background-attachment":"scroll","background-type":"","background-media":"","overlay-type":"","overlay-color":"","overlay-opacity":"","overlay-gradient":""}},"ast-content-background-meta":{"desktop":{"background-color":"var(--ast-global-color-5)","background-image":"","background-repeat":"repeat","background-position":"center center","background-size":"auto","background-attachment":"scroll","background-type":"","background-media":"","overlay-type":"","overlay-color":"","overlay-opacity":"","overlay-gradient":""},"tablet":{"background-color":"var(--ast-global-color-5)","background-image":"","background-repeat":"repeat","background-position":"center center","background-size":"auto","background-attachment":"scroll","background-type":"","background-media":"","overlay-type":"","overlay-color":"","overlay-opacity":"","overlay-gradient":""},"mobile":{"background-color":"var(--ast-global-color-5)","background-image":"","background-repeat":"repeat","background-position":"center center","background-size":"auto","background-attachment":"scroll","background-type":"","background-media":"","overlay-type":"","overlay-color":"","overlay-opacity":"","overlay-gradient":""}},"ngg_post_thumbnail":0,"footnotes":""},"class_list":["post-62","page","type-page","status-publish","hentry"],"_links":{"self":[{"href":"https:\/\/physics.uwb.edu.pl\/wf\/wolszewski\/wp-json\/wp\/v2\/pages\/62","targetHints":{"allow":["GET"]}}],"collection":[{"href":"https:\/\/physics.uwb.edu.pl\/wf\/wolszewski\/wp-json\/wp\/v2\/pages"}],"about":[{"href":"https:\/\/physics.uwb.edu.pl\/wf\/wolszewski\/wp-json\/wp\/v2\/types\/page"}],"author":[{"embeddable":true,"href":"https:\/\/physics.uwb.edu.pl\/wf\/wolszewski\/wp-json\/wp\/v2\/users\/25"}],"replies":[{"embeddable":true,"href":"https:\/\/physics.uwb.edu.pl\/wf\/wolszewski\/wp-json\/wp\/v2\/comments?post=62"}],"version-history":[{"count":14,"href":"https:\/\/physics.uwb.edu.pl\/wf\/wolszewski\/wp-json\/wp\/v2\/pages\/62\/revisions"}],"predecessor-version":[{"id":1632,"href":"https:\/\/physics.uwb.edu.pl\/wf\/wolszewski\/wp-json\/wp\/v2\/pages\/62\/revisions\/1632"}],"wp:attachment":[{"href":"https:\/\/physics.uwb.edu.pl\/wf\/wolszewski\/wp-json\/wp\/v2\/media?parent=62"}],"curies":[{"name":"wp","href":"https:\/\/api.w.org\/{rel}","templated":true}]}}