{"id":70,"date":"2019-05-22T17:34:11","date_gmt":"2019-05-22T17:34:11","guid":{"rendered":"http:\/\/physics.uwb.edu.pl\/wf\/wolszewski\/?page_id=70"},"modified":"2025-06-14T08:39:07","modified_gmt":"2025-06-14T08:39:07","slug":"konferencje-i-szkolenia","status":"publish","type":"page","link":"https:\/\/physics.uwb.edu.pl\/wf\/wolszewski\/konferencje-i-szkolenia\/","title":{"rendered":"Konferencje i szkolenia"},"content":{"rendered":"\n<ol class=\"wp-block-list\">\n<li>23.06.2025 &#8211; 26.06.2025 &#8211; Materials Today Conference 2025, Sitges, Hiszpania,<\/li>\n\n\n\n<li>13.06.2025 &#8211; Spotkanie Przedstawicieli Konsorcjum Neutrony dla Polskiej Nauki i \u015arodowiska Neutronowego, Krak\u00f3w, Polska,<\/li>\n\n\n\n<li>25.05.2025 &#8211; 30.05.2025 &#8211; IV International Conference Recent Achievements in Functional Materials, Bia\u0142ystok, Polska,<\/li>\n\n\n\n<li>02.09.2024 &#8211; 06.09.2024 &#8211; XI AUSE Conference and VI ALBA Users Meeting, Oviedo, Hiszpania,<\/li>\n\n\n\n<li>16.06.2024 &#8211; 19.06.2024 &#8211; XIII Og\u00f3lnopolskie Seminarium Spektroskopii M\u00f6ssbauerowskiej; Zawiercie, Polska;<\/li>\n\n\n\n<li>07.03.2024 &#8211; 08.03.2024 &#8211; Sympozjum SYLINDA, Krak\u00f3w, Polska;<\/li>\n\n\n\n<li>14.11.2022 \u2013 15.11.2022 \u2013 7th European Congress on Advanced Nanotechnology and Nanomaterials, Rzym, W\u0142ochy;<\/li>\n\n\n\n<li>24.09.2022 \u2013 VI Konferencja Nauczycieli Fizyki 2022; Bia\u0142ystok, Polska;<\/li>\n\n\n\n<li>05.09.2022 \u2013 08.09.2022 \u2013 X AUSE Conference &amp; V ALBA user\u2019s meeting, Barcelona, Hiszpania;<\/li>\n\n\n\n<li>27.06.2022 \u2013 01.07.2022 \u2013 IEEE International Symposium on Applications of Ferroelectrics 2022, Tours, Francja; (Online)<\/li>\n\n\n\n<li>25.09.2021 &#8211; V Konferencja Nauczycieli Fizyki 2021; Bia\u0142ystok, Polska;<\/li>\n\n\n\n<li>02.06.2021 &#8211; 04.06.2021 &#8211; XAS\/XES School 2021 on Advanced Synchrotron Methods; Moskwa, Rosja; (Online)<\/li>\n\n\n\n<li>12.01.2021 &#8211; 15.01.2021 &#8211; Expert Workshop on Nuclear Resonant Scattering of Synchrotron Radiation; (Online);<\/li>\n\n\n\n<li>26.09.2020 &#8211; IV Konferencja Nauczycieli Fizyki 2020; Bia\u0142ystok, Polska;<\/li>\n\n\n\n<li>30.03.2019 &#8211; III Konferencja Nauczycieli Fizyki 2019; Bia\u0142ystok, Polska;<\/li>\n\n\n\n<li>10.09.2018 \u2013 11.09.2018 &#8211; 3rd International Conference on Battery and Fuel Cell Technology; Londyn, Wielka Brytania;<\/li>\n\n\n\n<li>13.08.2018 \u2013 14.08.2018 &#8211; 20th International Conference on Advanced Energy Materials and Research; Dublin, Irlandia;<\/li>\n\n\n\n<li>26.11.2017 \u2013 01.12.2017 &#8211; 2017 Materials Research Society Fall meeting (MRS-2017); Boston, USA<strong>;<\/strong><\/li>\n\n\n\n<li>17.07.2017 \u2013 21.07.2017 &#8211; International Conference on Strongly Correlated Electron Systems (SCES 2017); Praga, Czechy;<\/li>\n\n\n\n<li>19.09.2016 &#8211; 22.09.2016 &#8211; 2016 European Materials Research Society Fall meeting (EMRS-2016); Warszawa, Polska;<\/li>\n\n\n\n<li>23.05.2016 &#8211; 27.05.2016 &#8211; EMN Meeting on Fuel Cells, Jeju, Korea Po\u0142udniowa;<\/li>\n\n\n\n<li>16.11.2015 &#8211; 20.11.2015 &#8211; ALBA Synchrotron WIEN2k and Turbomole Workshop; Cerdanyola del Valles, Hiszpania;<\/li>\n\n\n\n<li>15.09.2015 &#8211; 18.09.2015 &#8211; European Materials Research Society Fall meeting 2015 (EMRS-2015); Warszawa, Polska;<\/li>\n\n\n\n<li>06.09.2015 &#8211; 10.09.2015 &#8211; 5<sup>th<\/sup> European Conference on Molecular Magnetism; Zaragoza, Hiszpania;<\/li>\n\n\n\n<li>14.04.2015 &#8211; 17.04.2015 &#8211; Workshop \u201cNew challenges and solutions for XAS data analysis \u2013 Feff and Iffefit for XANES and EXAFS analysis; Warszawa, Polska;<\/li>\n\n\n\n<li>08.04.2014 &#8211; 11.04.2014 &#8211; Workshop \u201cNew challenges and solutions for XAS data analysis \u2013 MXAN code for XANES analysis; Warszawa, Polska;<\/li>\n\n\n\n<li>15.07.2013 &#8211; 19.07.2013 &#8211; Workshop on Resonant Elastic X-ray Scattering in Condensed Matter (REXS2013); Oxford, Wielka Brytania;<\/li>\n\n\n\n<li>16.11.2012 &#8211; 26.01.2013 &#8211; &#8222;Metody komercjalizacji wynik\u00f3w bada\u0144 naukowych oraz zasad zak\u0142adania i prowadzenia firmy spin-out\/spin-off jako podstawowej formy wsp\u00f3\u0142pracy uczelni z gospodark\u0105&#8221; &#8211; szkolenie w ramach projektu &#8222;Podlaski Fundusz Stypendialny&#8221;; Bia\u0142ystok, Polska;<\/li>\n\n\n\n<li>20.06.2012 &#8211; 21.06.2012 &#8211; &#8222;Wykorzystanie nowoczesnych technik prezentacji w dydaktyce (Prezi, e-book)&#8221; &#8211; szkolenie dla pracownik\u00f3w UwB; Bia\u0142ystok, Polska;<\/li>\n\n\n\n<li>11.06.2012 &#8211; 15.06.2012 &#8211; M\u00f6ssbauer Spectroscopy in Materials Science; Olomouc, Czechy;<\/li>\n\n\n\n<li>10.06.2012 &#8211; 13.06.2012 &#8211; Og\u00f3lnopolskie Seminarium Spektroskopii M\u00f6ssbauerowskiej; Lublin, Polska;<\/li>\n\n\n\n<li>09.03.2012 &#8211; &#8222;Trends in BioNanoTechno&#8221;; Bia\u0142ystok, Polska;<\/li>\n\n\n\n<li>08.03.2012 &#8211; Konferencja Promuj\u0105ca Otwarcie Centrum Syntezy i Analizy BioNanoTechno Uniwersytetu w Bia\u0142ymstoku pt. \u201eCentrum BioNanoTechno\u201d; Bia\u0142ystok, Polska;<\/li>\n\n\n\n<li>28.06.2011 &#8211; Szkolenie: &#8222;Us\u0142ugi kampusowe U3. Dost\u0119p zdalny do aplikacji graficznych i maszyny wirtualne na \u017c\u0105danie&#8221;; Bia\u0142ystok, Polska;<\/li>\n\n\n\n<li>13.06.2011 &#8211; 17.06.2011 &#8211; 7th Seeheim Workshop on M\u00f6ssbauer Spectroscopy; Frankfurt, Niemcy;<\/li>\n\n\n\n<li>07.04.2010 &#8211; 09.04.2010 &#8211; Training workshop on XANES and RXD simulation using FDMNES; Grenoble, Francja;<\/li>\n\n\n\n<li>29.03.2010 &#8211; 02.04.2010 &#8211; Dissemination Workshop on &#8222;Simulation of Synchrotron Radiation Spectroscopies interpreted in the Framework of Multiple Scattering Approach: Theory and Applications&#8221;; Frascati (Rzym), W\u0142ochy;<\/li>\n\n\n\n<li>23.11.2009 &#8211; 04.02.2010 &#8211; &#8222;Szkolenie z zakresu e-learningu&#8221; &#8211; szkolenie dla pracownik\u00f3w UwB; Bia\u0142ystok, Polska;<\/li>\n\n\n\n<li>30.11.2009 &#8211; 21.12.2009 &#8211; &#8222;Zarz\u0105dzanie badaniami naukowymi&#8221; &#8211; szkolenie dla pracownik\u00f3w UwB; Bia\u0142ystok, Polska;<\/li>\n\n\n\n<li>01.08.2009 &#8211; 03.08.2009 &#8211; GNXAS summer intensive course; Camerino, W\u0142ochy;<\/li>\n\n\n\n<li>26.07.2009 &#8211; 31.07.2009 -14th International Conference on X-ray Absorption Fine Structure; Camerino, W\u0142ochy;<\/li>\n\n\n\n<li>04.07.2009 &#8211; 11.07.2009 &#8211; XX International School on Physics and Chemistry of Condensed Matter &#8222;Structural Investigations of Functional Materials&#8221;; Bia\u0142owie\u017ca, Polska;<\/li>\n\n\n\n<li>15.06.2008 &#8211; 20.06.2008 &#8211; 9th International School and Symposium on Synchrotron Radiation in Natural Science; Ameli\u00f3wka, Polska;<\/li>\n\n\n\n<li>08.06.2008 &#8211; 11.06.2008 &#8211; Og\u00f3lnopolskie Seminarium Spektroskopii M\u00f6ssbauerowskiej; Koninki, Polska;<\/li>\n\n\n\n<li>09.09.2007 &#8211; 18.09.2007 &#8211; European School of Magnetism &#8222;New magnetic materials and their functions&#8221;; Cluj-Napoca, Rumunia;<\/li>\n\n\n\n<li>07.07.2007 &#8211; 14.07.2007 &#8211; XIX International School on Physics and Chemistry of Condensed Matter &#8222;Physics and Chemistry of Magnetic Materials \u2013 The Basics&#8221;; Bia\u0142owie\u017ca, Polska;<\/li>\n\n\n\n<li>07.05.2007 &#8211; 10.05.2007 &#8211; The MAG-EL-MAT Scientific Network Members Meeting \u201eNew materials for magnetoelectronics\u201d; B\u0119dlewo, Polska;<\/li>\n\n\n\n<li>12.03.2007 &#8211; 23.03.2007 &#8211; 38th IFF Spring School &#8222;Probing the Nanoworld&#8221;; Julich, Niemcy;<\/li>\n\n\n\n<li>01.07.2006 &#8211; 08.07.2006 &#8211; XVIII International School on Physics and Chemistry of Condensed Matter \u201cSpectroscopy of Modern Materials\u201d; Bia\u0142owie\u017ca, Polska;<\/li>\n\n\n\n<li>18.06.2006 &#8211; 21.06.2006 &#8211; Og\u00f3lnopolskie Seminarium Spektroskopii M\u00f6ssbauerowskiej; Cz\u0119stochowa-Kosz\u0119cin, Polska;<\/li>\n\n\n\n<li>07.06.2006 &#8211; 11.06.2006 &#8211; Sixth Seeheim Workshop on M\u00f6ssbauer Spectroscopy; Seeheim, Niemcy;<\/li>\n\n\n\n<li>21.06.2005 &#8211; 29.06.2005 &#8211; XVII International School on Physics and Chemistry of Condensed Matter and V International Symposium on Physics in Material Science &#8222;Materials in Transition&#8221;; Bia\u0142owie\u017ca, Polska;<\/li>\n\n\n\n<li>14.07.2004 &#8211; 07.09.2004 &#8211; DESY Summer Study Program 2004; Hamburg, Niemcy;<\/li>\n\n\n\n<li>06.06.2004 &#8211; 09.06.2004 &#8211; XVI International School on Physics and Chemistry of Condensed Matter &#8222;Structural Properties of Solids&#8221;; Bia\u0142owie\u017ca, Polska;<\/li>\n\n\n\n<li>29.06.2003 &#8211; 06.07.2003 &#8211; XV International Summer School of Condensed Matter Physics &#8222;Electronic Properties of Solids&#8221;; Bia\u0142owie\u017ca, Polska.<\/li>\n<\/ol>\n","protected":false},"excerpt":{"rendered":"","protected":false},"author":25,"featured_media":0,"parent":0,"menu_order":5,"comment_status":"closed","ping_status":"closed","template":"","meta":{"site-sidebar-layout":"default","site-content-layout":"","ast-site-content-layout":"default","site-content-style":"default","site-sidebar-style":"default","ast-global-header-display":"","ast-banner-title-visibility":"","ast-main-header-display":"","ast-hfb-above-header-display":"","ast-hfb-below-header-display":"","ast-hfb-mobile-header-display":"","site-post-title":"","ast-breadcrumbs-content":"","ast-featured-img":"","footer-sml-layout":"","ast-disable-related-posts":"","theme-transparent-header-meta":"","adv-header-id-meta":"","stick-header-meta":"","header-above-stick-meta":"","header-main-stick-meta":"","header-below-stick-meta":"","astra-migrate-meta-layouts":"default","ast-page-background-enabled":"default","ast-page-background-meta":{"desktop":{"background-color":"var(--ast-global-color-4)","background-image":"","background-repeat":"repeat","background-position":"center center","background-size":"auto","background-attachment":"scroll","background-type":"","background-media":"","overlay-type":"","overlay-color":"","overlay-opacity":"","overlay-gradient":""},"tablet":{"background-color":"","background-image":"","background-repeat":"repeat","background-position":"center center","background-size":"auto","background-attachment":"scroll","background-type":"","background-media":"","overlay-type":"","overlay-color":"","overlay-opacity":"","overlay-gradient":""},"mobile":{"background-color":"","background-image":"","background-repeat":"repeat","background-position":"center center","background-size":"auto","background-attachment":"scroll","background-type":"","background-media":"","overlay-type":"","overlay-color":"","overlay-opacity":"","overlay-gradient":""}},"ast-content-background-meta":{"desktop":{"background-color":"var(--ast-global-color-5)","background-image":"","background-repeat":"repeat","background-position":"center center","background-size":"auto","background-attachment":"scroll","background-type":"","background-media":"","overlay-type":"","overlay-color":"","overlay-opacity":"","overlay-gradient":""},"tablet":{"background-color":"var(--ast-global-color-5)","background-image":"","background-repeat":"repeat","background-position":"center center","background-size":"auto","background-attachment":"scroll","background-type":"","background-media":"","overlay-type":"","overlay-color":"","overlay-opacity":"","overlay-gradient":""},"mobile":{"background-color":"var(--ast-global-color-5)","background-image":"","background-repeat":"repeat","background-position":"center center","background-size":"auto","background-attachment":"scroll","background-type":"","background-media":"","overlay-type":"","overlay-color":"","overlay-opacity":"","overlay-gradient":""}},"ngg_post_thumbnail":0,"footnotes":""},"class_list":["post-70","page","type-page","status-publish","hentry"],"_links":{"self":[{"href":"https:\/\/physics.uwb.edu.pl\/wf\/wolszewski\/wp-json\/wp\/v2\/pages\/70","targetHints":{"allow":["GET"]}}],"collection":[{"href":"https:\/\/physics.uwb.edu.pl\/wf\/wolszewski\/wp-json\/wp\/v2\/pages"}],"about":[{"href":"https:\/\/physics.uwb.edu.pl\/wf\/wolszewski\/wp-json\/wp\/v2\/types\/page"}],"author":[{"embeddable":true,"href":"https:\/\/physics.uwb.edu.pl\/wf\/wolszewski\/wp-json\/wp\/v2\/users\/25"}],"replies":[{"embeddable":true,"href":"https:\/\/physics.uwb.edu.pl\/wf\/wolszewski\/wp-json\/wp\/v2\/comments?post=70"}],"version-history":[{"count":14,"href":"https:\/\/physics.uwb.edu.pl\/wf\/wolszewski\/wp-json\/wp\/v2\/pages\/70\/revisions"}],"predecessor-version":[{"id":1736,"href":"https:\/\/physics.uwb.edu.pl\/wf\/wolszewski\/wp-json\/wp\/v2\/pages\/70\/revisions\/1736"}],"wp:attachment":[{"href":"https:\/\/physics.uwb.edu.pl\/wf\/wolszewski\/wp-json\/wp\/v2\/media?parent=70"}],"curies":[{"name":"wp","href":"https:\/\/api.w.org\/{rel}","templated":true}]}}