{"id":705,"date":"2020-02-17T13:37:17","date_gmt":"2020-02-17T13:37:17","guid":{"rendered":"http:\/\/physics.uwb.edu.pl\/wf\/wolszewski\/?page_id=705"},"modified":"2021-01-29T07:09:38","modified_gmt":"2021-01-29T07:09:38","slug":"rachunek-niepewnosci-pomiarowych-lab","status":"publish","type":"page","link":"https:\/\/physics.uwb.edu.pl\/wf\/wolszewski\/rachunek-niepewnosci-pomiarowych-lab\/","title":{"rendered":"Rachunek niepewno\u015bci pomiarowych [LAB]"},"content":{"rendered":"\n<h2 class=\"wp-block-heading\"><strong>Informacje podstawowe:<\/strong><\/h2>\n\n\n\n<p> Laboratorium prowadzone do wyk\u0142adu <em>dr hab. Mariana Stanis\u0142awa Uby, prof. UwB<\/em> w semestrze zimowym 2020\/2021. <\/p>\n\n\n\n<h2 class=\"wp-block-heading\"><strong>Materia\u0142y:<\/strong><\/h2>\n\n\n\n<ul class=\"wp-block-list\"><li>Zaj\u0119cia 01 &#8211; <a href=\"https:\/\/physics.uwb.edu.pl\/wf\/wolszewski\/wp-content\/uploads\/sites\/21\/2020\/09\/rnp_zajecia_01.ods\">rnp_zajecia_01.ods<\/a><\/li><li>Zaj\u0119cia 02 &#8211; <a href=\"https:\/\/physics.uwb.edu.pl\/wf\/wolszewski\/wp-content\/uploads\/sites\/21\/2020\/10\/rnp_zajecia_02.ods\">rnp_zajecia_02.ods<\/a><\/li><li>Zaj\u0119cia 03 &#8211; <a href=\"https:\/\/physics.uwb.edu.pl\/wf\/wolszewski\/wp-content\/uploads\/sites\/21\/2020\/11\/rnp_zajecia_03.ods\">rnp_zajecia_03.ods<\/a><\/li><li>Zaj\u0119cia 04 &#8211; <a href=\"https:\/\/physics.uwb.edu.pl\/wf\/wolszewski\/wp-content\/uploads\/sites\/21\/2020\/11\/rnp_zajecia_04.ods\">rnp_zajecia_04.ods<\/a><\/li><li>Zaj\u0119cia 05 &#8211; <a href=\"https:\/\/physics.uwb.edu.pl\/wf\/wolszewski\/wp-content\/uploads\/sites\/21\/2020\/12\/rnp_zajecia_05.ods\">rnp_zajecia_05.ods<\/a><\/li><li>Zaj\u0119cia 06 &#8211; <a href=\"https:\/\/physics.uwb.edu.pl\/wf\/wolszewski\/wp-content\/uploads\/sites\/21\/2020\/12\/rnp_zajecia_06.ods\">rnp_zajecia_06.ods<\/a><\/li><li>Zaj\u0119cia 07 &#8211; <a href=\"https:\/\/physics.uwb.edu.pl\/wf\/wolszewski\/wp-content\/uploads\/sites\/21\/2021\/01\/rnp_zajecia_07.ods\">rnp_zajecia_07.ods<\/a><\/li><li>Zaj\u0119cia 08a &#8211; Kolokwium &#8211; <a href=\"https:\/\/physics.uwb.edu.pl\/wf\/wolszewski\/wp-content\/uploads\/sites\/21\/2021\/01\/Karta_wzorow.pdf\">Karta_wzorow.pdf<\/a><\/li><li>Zaj\u0119cia 08a &#8211; Kolokwium &#8211; <a href=\"https:\/\/physics.uwb.edu.pl\/wf\/wolszewski\/wp-content\/uploads\/sites\/21\/2021\/01\/rnp_zajecia_08a_kolokwium.ods\">rnp_zajecia_08a_kolokwium.ods<\/a><\/li><\/ul>\n\n\n\n<h2 class=\"wp-block-heading\"><strong>Warunki zaliczenia:<\/strong><\/h2>\n\n\n\n<p>W semestrze odb\u0119dzie si\u0119 jedno kolokwium. Dodatkowo pojawia\u0107 si\u0119 b\u0119d\u0105 zadania do rozwi\u0105zania w domu.<br>Maksymalna ocena z kolokwium wynosi 80 punkt\u00f3w. Z prac domowych natomiast mo\u017cna uzbiera\u0107 20 punkt\u00f3w. Warunkiem zaliczenia \u0107wicze\u0144 jest  uzyskanie powy\u017cej 50% punkt\u00f3w z kolokwium i zada\u0144 domowych.<br>Dodatkowo studentowi przys\u0142uguje podej\u015bcie do kolokwium poprawkowego. Odb\u0119dzie si\u0119 ono przed sesj\u0105 egzaminacyjn\u0105 we wcze\u015bniej ustalonym terminie.<br>W przypadku niespe\u0142nienia powy\u017cszych warunk\u00f3w ostateczne podej\u015bcie do  zaliczenia przedmiotu odb\u0119dzie si\u0119 w trakcie trwania sesji poprawkowej. <\/p>\n","protected":false},"excerpt":{"rendered":"<p>Informacje podstawowe: Laboratorium prowadzone do wyk\u0142adu dr hab. Mariana Stanis\u0142awa Uby, prof. UwB w semestrze zimowym 2020\/2021. Materia\u0142y: Zaj\u0119cia 01 &#8211; rnp_zajecia_01.ods Zaj\u0119cia 02 &#8211; rnp_zajecia_02.ods Zaj\u0119cia 03 &#8211; rnp_zajecia_03.ods Zaj\u0119cia 04 &#8211; rnp_zajecia_04.ods Zaj\u0119cia 05 &#8211; rnp_zajecia_05.ods Zaj\u0119cia 06 &#8211; rnp_zajecia_06.ods Zaj\u0119cia 07 &#8211; rnp_zajecia_07.ods Zaj\u0119cia 08a &#8211; Kolokwium &#8211; Karta_wzorow.pdf Zaj\u0119cia 08a &#8211; [&hellip;]<\/p>\n","protected":false},"author":25,"featured_media":0,"parent":0,"menu_order":0,"comment_status":"closed","ping_status":"closed","template":"","meta":{"site-sidebar-layout":"default","site-content-layout":"","ast-site-content-layout":"default","site-content-style":"default","site-sidebar-style":"default","ast-global-header-display":"","ast-banner-title-visibility":"","ast-main-header-display":"","ast-hfb-above-header-display":"","ast-hfb-below-header-display":"","ast-hfb-mobile-header-display":"","site-post-title":"","ast-breadcrumbs-content":"","ast-featured-img":"","footer-sml-layout":"","ast-disable-related-posts":"","theme-transparent-header-meta":"","adv-header-id-meta":"","stick-header-meta":"","header-above-stick-meta":"","header-main-stick-meta":"","header-below-stick-meta":"","astra-migrate-meta-layouts":"default","ast-page-background-enabled":"default","ast-page-background-meta":{"desktop":{"background-color":"var(--ast-global-color-4)","background-image":"","background-repeat":"repeat","background-position":"center center","background-size":"auto","background-attachment":"scroll","background-type":"","background-media":"","overlay-type":"","overlay-color":"","overlay-opacity":"","overlay-gradient":""},"tablet":{"background-color":"","background-image":"","background-repeat":"repeat","background-position":"center center","background-size":"auto","background-attachment":"scroll","background-type":"","background-media":"","overlay-type":"","overlay-color":"","overlay-opacity":"","overlay-gradient":""},"mobile":{"background-color":"","background-image":"","background-repeat":"repeat","background-position":"center center","background-size":"auto","background-attachment":"scroll","background-type":"","background-media":"","overlay-type":"","overlay-color":"","overlay-opacity":"","overlay-gradient":""}},"ast-content-background-meta":{"desktop":{"background-color":"var(--ast-global-color-5)","background-image":"","background-repeat":"repeat","background-position":"center center","background-size":"auto","background-attachment":"scroll","background-type":"","background-media":"","overlay-type":"","overlay-color":"","overlay-opacity":"","overlay-gradient":""},"tablet":{"background-color":"var(--ast-global-color-5)","background-image":"","background-repeat":"repeat","background-position":"center center","background-size":"auto","background-attachment":"scroll","background-type":"","background-media":"","overlay-type":"","overlay-color":"","overlay-opacity":"","overlay-gradient":""},"mobile":{"background-color":"var(--ast-global-color-5)","background-image":"","background-repeat":"repeat","background-position":"center center","background-size":"auto","background-attachment":"scroll","background-type":"","background-media":"","overlay-type":"","overlay-color":"","overlay-opacity":"","overlay-gradient":""}},"ngg_post_thumbnail":0,"footnotes":""},"class_list":["post-705","page","type-page","status-publish","hentry"],"_links":{"self":[{"href":"https:\/\/physics.uwb.edu.pl\/wf\/wolszewski\/wp-json\/wp\/v2\/pages\/705","targetHints":{"allow":["GET"]}}],"collection":[{"href":"https:\/\/physics.uwb.edu.pl\/wf\/wolszewski\/wp-json\/wp\/v2\/pages"}],"about":[{"href":"https:\/\/physics.uwb.edu.pl\/wf\/wolszewski\/wp-json\/wp\/v2\/types\/page"}],"author":[{"embeddable":true,"href":"https:\/\/physics.uwb.edu.pl\/wf\/wolszewski\/wp-json\/wp\/v2\/users\/25"}],"replies":[{"embeddable":true,"href":"https:\/\/physics.uwb.edu.pl\/wf\/wolszewski\/wp-json\/wp\/v2\/comments?post=705"}],"version-history":[{"count":47,"href":"https:\/\/physics.uwb.edu.pl\/wf\/wolszewski\/wp-json\/wp\/v2\/pages\/705\/revisions"}],"predecessor-version":[{"id":1232,"href":"https:\/\/physics.uwb.edu.pl\/wf\/wolszewski\/wp-json\/wp\/v2\/pages\/705\/revisions\/1232"}],"wp:attachment":[{"href":"https:\/\/physics.uwb.edu.pl\/wf\/wolszewski\/wp-json\/wp\/v2\/media?parent=705"}],"curies":[{"name":"wp","href":"https:\/\/api.w.org\/{rel}","templated":true}]}}