{"id":72,"date":"2019-05-22T17:35:18","date_gmt":"2019-05-22T17:35:18","guid":{"rendered":"http:\/\/physics.uwb.edu.pl\/wf\/wolszewski\/?page_id=72"},"modified":"2025-07-01T12:26:58","modified_gmt":"2025-07-01T12:26:58","slug":"wyklady-i-plakaty","status":"publish","type":"page","link":"https:\/\/physics.uwb.edu.pl\/wf\/wolszewski\/wyklady-i-plakaty\/","title":{"rendered":"Wyk\u0142ady i plakaty"},"content":{"rendered":"<h2 class=\"font-headlines\" data-tadv-p=\"keep\">Zaproszone wyk\u0142ady w j\u0119zyku angielskim:<\/h2>\n\n\n<ol class=\"wp-block-list\">\n<li>W. Olszewski, L. Simonelli, C. Marini, N. Ramanan, M. Okubo, T. Mizokawa, N. L. Saini<strong> \u201e<\/strong><strong>The role of the atomic bond strengths and structural disorder in <\/strong><strong>MXene<\/strong><strong> materials for rechargeable ion-batteries<\/strong><strong>\u201e<\/strong>; 3rd International Conference on Battery and Fuel Cell Technology (2018); Londyn, Wielka Brytania;<\/li>\n\n\n\n<li>W. Olszewski, L. Simonelli, C. Marini, M. Avila, M. Okubo, T. Mizokawa, N. L. Saini <strong>\u201eStudy of Li and Na-ion cathode materials by hard x-ray absorption and emission spectroscopies\u201d<\/strong>; Invited talk; EMN Meeting on Fuel Cells (2016), Jeju, Korea Po\u0142udniowa.<\/li>\n<\/ol>\n\n\n\n<h2 class=\"wp-block-heading\"> Wyk\u0142ady w j\u0119zyku angielskim: <\/h2>\n\n\n\n<ol class=\"wp-block-list\">\n<li>W. Olszewski, L. Simonelli <strong>&#8222;Innovative Approach for the Study of Battery Materials&#8221;<\/strong>, Materials Today Conference (2025), Sitges, Hiszpania,<\/li>\n\n\n\n<li>W. Olszewski, P. Kaghazchi, C. Marini, B. M. Okubo, A. Yamada, T. Mizokawa, N.L. Saini, L. Simonelli <strong>\u201eThe role of the local structural properties in the electrochemical characteristics of Na<sub>1-x<\/sub>Fe<sub>1-y<\/sub>Ni<sub>y<\/sub>O<sub>2<\/sub> cathodes\u201d<\/strong>, XI AUSE Conference and VI ALBA Users Meeting (2024), Oviedo, Hiszpania,<\/li>\n\n\n\n<li>W. Olszewski,<strong> &#8222;The impact of structural disorder on the properties of selected cathode materials&#8221;<\/strong>; <em>Wydzia\u0142 Fizyki<\/em>; (2024) Bia\u0142ystok, Polska;<\/li>\n\n\n\n<li>W. Olszewski, C. Marini, S. Kajiyama, M. Okubo, A. Yamada, T. Mizokawa, N.L. Saini, L.&nbsp;Simonelli <strong>\u201eXAS measurements of Ti Based MAX and MXene Materials\u201d<\/strong>; 7th European Congress on Advanced Nanotechnology and Nanomaterials (2023), Rzym, W\u0142ochy;<\/li>\n\n\n\n<li>W. Olszewski, C. Marini, S. Kajiyama, M. Okubo, A. Yamada, T. Mizokawa, N.L. Saini, L.&nbsp;Simonelli <strong>\u201eInvestigating the Local Structure of Ti Based MXene Materials by Temperature Dependent X-Ray Absorption Spectroscopy\u201d<\/strong>; X AUSE Conference &amp; V ALBA user\u2019s meeting (2022), Barcelona, Hiszpania;<\/li>\n\n\n\n<li>W. Olszewski, L. Simonelli, C. Marini, N. Ramanan, M. Okubo, T. Mizokawa, N. L. Saini<strong> \u201e<\/strong><strong>Investigation of <\/strong><strong>MXene<\/strong><strong> materials for rechargeable ion-batteries<\/strong><strong>\u201e<\/strong>; 20th International Conference on Advanced Energy Materials and Research (2018); Dublin, Irlandia;<\/li>\n\n\n\n<li>W. Olszewski, L. Simonelli, C. Marini, M. Avila, M. Okubo, T. Mizokawa, N. L. Saini <strong>\u201eLocal properties of V2O5 probed by X-ray absorption spectroscopy\u201d<\/strong>; Materials Research Society meeting (2017); Boston, USA<strong>;<\/strong><\/li>\n\n\n\n<li>W. Olszewski, L. Simonelli, C. Marini, M. Avila, M. Okubo, T. Mizokawa, N. L. Saini <strong>\u201eNano-structuring effects on the local properties of V2O5 probed by temperature dependent X-ray absorption spectroscopy\u201d<\/strong>; European Materials Research Society Fall meeting (2016); Warszawa, Polska;<\/li>\n\n\n\n<li>W. Olszewski, M. Avila, <strong>\u201eBL22 \u2013 CL\u00c6SS Core Level Absorption &amp; Emission Spectroscopies status &amp; near future upgrades\u201d<\/strong>; EAgLE Workshop: New challenges and solutions for XAS data analysis part I \u2013 mXAN code for XANES analysis (2014); Warszawa, Polska;<\/li>\n\n\n\n<li>W. Olszewski, <strong>\u201eChanges in local structure of iron ion in selected electrolytes\u201d<\/strong>; ALBA-CELLS; (2014) Cerdanyola del Valles, Hiszpania.<\/li>\n<\/ol>\n\n\n\n<h2 class=\"wp-block-heading\"> Wyk\u0142ady w j\u0119zyku polskim: <\/h2>\n\n\n\n<ol class=\"wp-block-list\">\n<li>U. Klekotka, W. Olszewski, M. Bielicka, D. Satu\u0142a, B. Kalska-Szostko, \u201eWp\u0142yw warunk\u00f3w syntezy na w\u0142a\u015bciwo\u015bci nanocz\u0105stek tlenku \u017celaza \u2013 badania temperaturowe\u201d; Og\u00f3lnopolskie Seminarium Spektroskopii M\u00f6ssbauerowskiej; (2024) Zawiercie, Polska.<\/li>\n\n\n\n<li>W. Olszewski,<strong> &#8222;Badania materia\u0142\u00f3w katodowych metod\u0105 rentgenowskiej spektroskopii absorpcyjnej i emisyjnej&#8221;<\/strong>; <em>Wydzia\u0142 Fizyki<\/em>; (2020) Bia\u0142ystok, Polska;<\/li>\n\n\n\n<li>W. Olszewski, <strong>\u201eLokalna struktura jonu \u017celaza w wybranych elektrolitach oraz perspektywy ich zastosowa\u0144\u201d<\/strong>; <em>Wydzia\u0142 Fizyki<\/em>; (2013) Bia\u0142ystok, Polska;<\/li>\n\n\n\n<li>W. Olszewski, <strong>\u201eNadprzewodz\u0105ce w\u0142a\u015bciwo\u015bci chalkogenidk\u00f3w \u017celaza\u201d<\/strong>; <em>Wydzia\u0142 Fizyki<\/em>; (2011) Bia\u0142ystok, Polska;<\/li>\n\n\n\n<li>W. Olszewski, <strong>\u201eZmiany lokalnego otoczenia jonu Fe(II) w elektrolitach na bazie wody i acetonu\u201d<\/strong>; <em>Wydzia\u0142 Fizyki<\/em>; (2010) Bia\u0142ystok, Polska;<\/li>\n\n\n\n<li>W. Olszewski, <strong>\u201eBadania XAFS elektrolit\u00f3w \u2013 wodnego i acetonowego\u201d<\/strong>; <em>Wydzia\u0142 Fizyki<\/em>; (2009) Bia\u0142ystok, Polska;<\/li>\n\n\n\n<li>W. Olszewski, K.Szyma\u0144ski, D.Satu\u0142a, M.Biernacka, E.K.Talik, <strong>\u201eBadania warstw Fe nanoszonych z elektrolitu na bazie acetonu\u201d<\/strong>; <em>Og\u00f3lnopolskie Seminarium Spektroskopii M\u00f6ssbauerowskiej<\/em>; (2008) Koninki, Polska;<\/li>\n\n\n\n<li>W. Olszewski, <strong>\u201eWarstwy metaliczne otrzymywane z elektrolit\u00f3w na bazie keton\u00f3w\u201d<\/strong>; <em>Instytut Fizyki Do\u015bwiadczalnej<\/em>; (2007) Bia\u0142ystok, Polska;<\/li>\n\n\n\n<li>W. Olszewski, K.Szyma\u0144ski, D.Satu\u0142a, L.Dobrzy\u0144ski, <strong>\u201eWyznaczenie tekstury magnetycznej przy u\u017cyciu CEMS z promieniowaniem spolaryzowanym ko\u0142owo\u201d<\/strong>; <em>Og\u00f3lnopolskie Seminarium Spektroskopii M\u00f6ssbauerowskiej<\/em>; (2006) Cz\u0119stochowa-Kosz\u0119cin, Polska;<\/li>\n\n\n\n<li>W. Olszewski, <strong>\u201eMetody polarymetryczne w spektroskopii M\u00f6ssbauera\u201d<\/strong>; <em>Instytut Fizyki Do\u015bwiadczalnej<\/em>; (2005) Bia\u0142ystok, Polska.<\/li>\n<\/ol>\n\n\n\n<h2 class=\"wp-block-heading\"> Plakaty: <\/h2>\n\n\n\n<ol class=\"wp-block-list\">\n<li>W. Olszewski, P. Ba\u0144kowski, M. Reyaud, J. Serrano Sevillano, L. Musuvadhi Babual, D. Saurel, A. Skorynina, A. Sorrentino, V. Martin Diaconescu, M. Casas Cabanas, L. Simonelli <strong>&#8222;Impact of the microstructural features on the electrochemical performances of Li2MnO3&#8221;<\/strong>, Materials Today Conference (2025), Sitges, Hiszpania,<\/li>\n\n\n\n<li>P. Butkiewicz, M. Biernacka, W. Olszewski, D. Satu\u0142a, K. Re\u0107ko, P. Dziawa, K. Szyma\u0144ski <strong>\u201eScanning electron microscopy investigations of GaFeO3 single crystal\u201d<\/strong>; IEEE International Symposium on Applications of Ferroelectrics (2022); Tours, Francja;<\/li>\n\n\n\n<li>W. Olszewski, K. Re\u0107ko, C. Marini, D. Satu\u0142a, G. Andre, U. Wykowska <strong>\u201eLocal structural study of orthogonal and hexagonal multiferroic GaFeO3 samples prepared by sol-gel methods\u201d<\/strong>; International Conference on Strongly Correlated Electron Systems (2017); Praga, Czechy;<\/li>\n\n\n\n<li>W. Olszewski, K. Re\u0107ko, C. Marini, D. Satu\u0142a, G. Andre, U. Wykowska <strong>\u201eTemperature study of multiferroic GaFeO3 samples prepared by sol-gel method\u201d<\/strong>; European Materials Research Society Fall meeting (2015); Warszawa, Polska;<\/li>\n\n\n\n<li>W. Olszewski, K. Re\u0107ko, C. Marini, D. Satu\u0142a, G. Andre, U. Wykowska <strong>\u201eLocal structural study of multiferroic GaFeO3 samples\u201d<\/strong>; 5th European Conference on Molecular Magnetism (2015); Zaragoza, Hiszpania;<\/li>\n\n\n\n<li>W. Olszewski, K. Re\u0107ko, D. Satu\u0142a, G. Andre, U. Wykowska <strong>\u201eStudies of orthorhombic and hexagonal GaFeO<sub>3<\/sub> multiferroic compound\u201d<\/strong>; SAC \u2013 Science Advisory Board Meeting (2014); Cerdanyola del Valles, Hiszpania;<\/li>\n\n\n\n<li>W. Olszewski, K. Szyma\u0144ski, D. Satu\u0142a <strong>\u201eM\u00f6ssbauer Measurements Of Iron In Acetone Based Frozen Electrolytes\u201d<\/strong>; \u201eM\u00f6ssbauer Spectroscopy in Materials Science\u201d (2012); Olomouc, Czechy; <em>Nagroda za najlepszy plakat<\/em>;<\/li>\n\n\n\n<li>W. Olszewski, K. Szyma\u0144ski, D. Satu\u0142a, D. Oleszak <strong>\u201eM\u00f6ssbauer investigation of bcc, Fe based, multicomponent alloys\u201d<\/strong>; Og\u00f3lnopolskie Seminarium Spektroskopii M\u00f6ssbauerowskiej (2012); Lublin, Polska;<\/li>\n\n\n\n<li>W. Olszewski, K. Szyma\u0144ski <strong>\u201eM\u00f6ssbauer Measurements Of Iron In Water &amp; Acetone Based Electrolytes\u201d<\/strong>; 7th Seeheim Workshop on M\u00f6ssbauer Spectroscopy (2011); Frankfurt, Niemcy;<\/li>\n\n\n\n<li>W. Olszewski, K. Szyma\u0144ski, P. Zaleski, D. A. Zaj\u0105c <strong>\u201eChanges in local structure of Fe(II) ion in water and acetone based solutions\u201d<\/strong>; 14th International Conference on X-ray Absorption Fine Structure (2009); Camerino, W\u0142ochy;<\/li>\n\n\n\n<li>W. Olszewski, K. Szyma\u0144ski, P. Zaleski, D. A. Zaj\u0105c <strong>\u201eEXAFS analysis of Fe2+ water and acetone based solution\u201d<\/strong>; 9th International School and Symposium on Synchrotron Radiation in Natural Science (2008); Ameli\u00f3wka, Polska; <em>Nagroda za najlepszy plakat<\/em>;<\/li>\n\n\n\n<li>W. Olszewski, K. Szyma\u0144ski, R. Sobiecki <strong>\u201e3d-metallic layers electrochemically deposited from nearly nonaqueous electrolyte\u201d<\/strong>; The MAG-EL-MAT Scientific Network Members Meeting \u201eNew materials for magnetoelectronics\u201d (2007); B\u0119dlewo, Polska;<\/li>\n\n\n\n<li>W. Olszewski, K. Szyma\u0144ski, D. Satu\u0142a, L. Dobrzy\u0144ski <strong>\u201eApplications of CEMS with circularly polarized radiation\u201d<\/strong>;\n XVIII International School on Physics and Chemistry of Condensed Matter\n \u201cSpectroscopy of Modern Materials\u201d (2006); Bia\u0142owie\u017ca, Polska;<\/li>\n\n\n\n<li>W. Olszewski, K. Szyma\u0144ski, L. Dobrzy\u0144ski, D. Satu\u0142a <strong>\u201eConversion electron M\u00f6ssbauer spectroscopy with a single-line circularly polarized source\u201d<\/strong>; Sixth Seeheim Workshop on M\u00f6ssbauer Spectroscopy (2006); Seeheim, Niemcy;<\/li>\n\n\n\n<li>W. Olszewski, K. Szyma\u0144ski, L. Dobrzy\u0144ski, D. Satu\u0142a, J. Jankowska-Kisieli\u0144ska <strong>\u201eMagnetic moments distribution in gamma-Mn-Fe single crystal\u201d<\/strong>;\n XVII International School on Physics and Chemistry of Condensed Matter \nand V International Symposium on Physics in Material Science \u201eMaterials \nin Transition\u201d (2005); Bia\u0142owie\u017ca, Polska.<\/li>\n<\/ol>\n","protected":false},"excerpt":{"rendered":"<p>Zaproszone wyk\u0142ady w j\u0119zyku angielskim: Wyk\u0142ady w j\u0119zyku angielskim: Wyk\u0142ady w j\u0119zyku polskim: Plakaty:<\/p>\n","protected":false},"author":25,"featured_media":0,"parent":0,"menu_order":6,"comment_status":"closed","ping_status":"closed","template":"","meta":{"site-sidebar-layout":"default","site-content-layout":"","ast-site-content-layout":"default","site-content-style":"default","site-sidebar-style":"default","ast-global-header-display":"","ast-banner-title-visibility":"","ast-main-header-display":"","ast-hfb-above-header-display":"","ast-hfb-below-header-display":"","ast-hfb-mobile-header-display":"","site-post-title":"","ast-breadcrumbs-content":"","ast-featured-img":"","footer-sml-layout":"","ast-disable-related-posts":"","theme-transparent-header-meta":"","adv-header-id-meta":"","stick-header-meta":"","header-above-stick-meta":"","header-main-stick-meta":"","header-below-stick-meta":"","astra-migrate-meta-layouts":"default","ast-page-background-enabled":"default","ast-page-background-meta":{"desktop":{"background-color":"var(--ast-global-color-4)","background-image":"","background-repeat":"repeat","background-position":"center center","background-size":"auto","background-attachment":"scroll","background-type":"","background-media":"","overlay-type":"","overlay-color":"","overlay-opacity":"","overlay-gradient":""},"tablet":{"background-color":"","background-image":"","background-repeat":"repeat","background-position":"center center","background-size":"auto","background-attachment":"scroll","background-type":"","background-media":"","overlay-type":"","overlay-color":"","overlay-opacity":"","overlay-gradient":""},"mobile":{"background-color":"","background-image":"","background-repeat":"repeat","background-position":"center center","background-size":"auto","background-attachment":"scroll","background-type":"","background-media":"","overlay-type":"","overlay-color":"","overlay-opacity":"","overlay-gradient":""}},"ast-content-background-meta":{"desktop":{"background-color":"var(--ast-global-color-5)","background-image":"","background-repeat":"repeat","background-position":"center center","background-size":"auto","background-attachment":"scroll","background-type":"","background-media":"","overlay-type":"","overlay-color":"","overlay-opacity":"","overlay-gradient":""},"tablet":{"background-color":"var(--ast-global-color-5)","background-image":"","background-repeat":"repeat","background-position":"center center","background-size":"auto","background-attachment":"scroll","background-type":"","background-media":"","overlay-type":"","overlay-color":"","overlay-opacity":"","overlay-gradient":""},"mobile":{"background-color":"var(--ast-global-color-5)","background-image":"","background-repeat":"repeat","background-position":"center center","background-size":"auto","background-attachment":"scroll","background-type":"","background-media":"","overlay-type":"","overlay-color":"","overlay-opacity":"","overlay-gradient":""}},"ngg_post_thumbnail":0,"footnotes":""},"class_list":["post-72","page","type-page","status-publish","hentry"],"_links":{"self":[{"href":"https:\/\/physics.uwb.edu.pl\/wf\/wolszewski\/wp-json\/wp\/v2\/pages\/72","targetHints":{"allow":["GET"]}}],"collection":[{"href":"https:\/\/physics.uwb.edu.pl\/wf\/wolszewski\/wp-json\/wp\/v2\/pages"}],"about":[{"href":"https:\/\/physics.uwb.edu.pl\/wf\/wolszewski\/wp-json\/wp\/v2\/types\/page"}],"author":[{"embeddable":true,"href":"https:\/\/physics.uwb.edu.pl\/wf\/wolszewski\/wp-json\/wp\/v2\/users\/25"}],"replies":[{"embeddable":true,"href":"https:\/\/physics.uwb.edu.pl\/wf\/wolszewski\/wp-json\/wp\/v2\/comments?post=72"}],"version-history":[{"count":17,"href":"https:\/\/physics.uwb.edu.pl\/wf\/wolszewski\/wp-json\/wp\/v2\/pages\/72\/revisions"}],"predecessor-version":[{"id":1756,"href":"https:\/\/physics.uwb.edu.pl\/wf\/wolszewski\/wp-json\/wp\/v2\/pages\/72\/revisions\/1756"}],"wp:attachment":[{"href":"https:\/\/physics.uwb.edu.pl\/wf\/wolszewski\/wp-json\/wp\/v2\/media?parent=72"}],"curies":[{"name":"wp","href":"https:\/\/api.w.org\/{rel}","templated":true}]}}