{"id":74,"date":"2019-05-22T17:35:47","date_gmt":"2019-05-22T17:35:47","guid":{"rendered":"http:\/\/physics.uwb.edu.pl\/wf\/wolszewski\/?page_id=74"},"modified":"2024-07-09T08:15:29","modified_gmt":"2024-07-09T08:15:29","slug":"wyroznienia-i-nagrody","status":"publish","type":"page","link":"https:\/\/physics.uwb.edu.pl\/wf\/wolszewski\/wyroznienia-i-nagrody\/","title":{"rendered":"Wyr\u00f3\u017cnienia i nagrody"},"content":{"rendered":"\n<h2 class=\"wp-block-heading\"><em><strong>Nagrody:<\/strong><\/em><\/h2>\n\n\n\n<ul class=\"wp-block-list\">\n<li><strong>2022<\/strong> \u2013 Roczny dodatek motywacyjny za osi\u0105gni\u0119cia naukowe na Wydziale Fizyki UwB;<\/li>\n\n\n\n<li><strong>2020<\/strong> \u2013 Roczny dodatek motywacyjny za osi\u0105gni\u0119cia naukowe na Wydziale Fizyki UwB;<\/li>\n\n\n\n<li><strong>2013<\/strong> &#8211; Nagroda Rektora za prac\u0119 naukow\u0105;<\/li>\n\n\n\n<li><strong>2012<\/strong> &#8211; Roczne stypendium doktoranckie w ramach Podlaskiego Funduszu Stypendialnego;<\/li>\n\n\n\n<li><strong>2012<\/strong> &#8211; Nagroda za najlepszy plakat prezentowany podczas konferencji &#8222;M\u00f6ssbauer Spectroscopy in Materials Science&#8221;, Olomouc, Czechy;<\/li>\n\n\n\n<li><strong>2010<\/strong> &#8211; Nagroda Rektora za prac\u0119 naukow\u0105;<\/li>\n\n\n\n<li><strong>2008<\/strong> &#8211; Nagroda Rektora za prac\u0119 naukow\u0105;<\/li>\n\n\n\n<li><strong>2008<\/strong> &#8211; Nagroda za najlepszy plakat prezentowany podczas konferencji &#8222;9th International School and Symposium on Synchrotron Radiation in Natural Science&#8221;, Ameli\u00f3wka, Polska.<\/li>\n<\/ul>\n\n\n\n<h2 class=\"wp-block-heading\"><strong><em>Wyr\u00f3\u017cnienia i podzi\u0119kowania:<\/em><\/strong><\/h2>\n\n\n\n<ul class=\"wp-block-list\">\n<li><strong>2024<\/strong> &#8211; Podzi\u0119kowanie za zaanga\u017cowanie w organizacj\u0119 Science Show UwB Ekologicznego Pikniku Rodzinnego w ramach projekt\u00f3w Misja Bior\u00f3\u017cnorodno\u015b\u0107 oraz M\u0142odzie\u017cowy Uniwersytet Przyrodniczy;<\/li>\n\n\n\n<li><strong>2024<\/strong> &#8211; Podzi\u0119kowanie za wk\u0142ad koordynacyjny imprez Wydzia\u0142u Fizyki UwB odbywaj\u0105cych si\u0119 w ramach XX Podlaskiego Festiwalu Nauki i Sztuki;<\/li>\n\n\n\n<li><strong>2023<\/strong> &#8211; Podzi\u0119kowanie za zaanga\u017cowanie w przygotowanie i realizacj\u0119 Nocy Innowacji 2023 w Uniwersytecie w Bia\u0142ymstoku;<\/li>\n\n\n\n<li><strong>2023<\/strong> &#8211; Podzi\u0119kowanie za wk\u0142ad koordynacyjny imprez Wydzia\u0142u Fizyki UwB odbywaj\u0105cych si\u0119 w ramach XIX Podlaskiego Festiwalu Nauki i Sztuki;<\/li>\n\n\n\n<li><strong>2022<\/strong> &#8211; Podzi\u0119kowanie za organizacj\u0119 i przeprowadzenie zaj\u0119\u0107 w ramach cyklu &#8222;Spotkania z Nauk\u0105&#8221; podczas Dni Otwartych na Kampusie Uniwersytetu w Bia\u0142ymstoku;<\/li>\n\n\n\n<li><strong>2022<\/strong> &#8211; Podzi\u0119kowanie za pomoc w przygotowaniu oraz organizacji imprez Wydzia\u0142u Fizyki UwB odbywaj\u0105cych si\u0119 w ramach XVIII Podlaskiego Festiwalu Nauki i Sztuki;<\/li>\n\n\n\n<li><strong>2022<\/strong> &#8211; Podzi\u0119kowanie za w\u0142\u0105czenie si\u0119 w dzia\u0142ania w ramach Tygodnia Nauk Technicznych w Zespole Szk\u00f3\u0142 Mechanicznych w Bia\u0142ymstoku;<\/li>\n\n\n\n<li><strong>2019<\/strong> &#8211; Podzi\u0119kowanie za pomoc w przygotowaniu oraz organizacji imprez Wydzia\u0142u Fizyki UwB odbywaj\u0105cych si\u0119 w ramach XVII Podlaskiego Festiwalu Nauki i Sztuki;<\/li>\n\n\n\n<li><strong>2009<\/strong> &#8211; Podzi\u0119kowanie za wk\u0142ad w wystaw\u0119 &#8222;LHC: jak to dzia\u0142a?&#8221;.<\/li>\n<\/ul>\n","protected":false},"excerpt":{"rendered":"<p>Nagrody: Wyr\u00f3\u017cnienia i podzi\u0119kowania:<\/p>\n","protected":false},"author":25,"featured_media":0,"parent":0,"menu_order":7,"comment_status":"closed","ping_status":"closed","template":"","meta":{"site-sidebar-layout":"default","site-content-layout":"","ast-site-content-layout":"default","site-content-style":"default","site-sidebar-style":"default","ast-global-header-display":"","ast-banner-title-visibility":"","ast-main-header-display":"","ast-hfb-above-header-display":"","ast-hfb-below-header-display":"","ast-hfb-mobile-header-display":"","site-post-title":"disabled","ast-breadcrumbs-content":"","ast-featured-img":"","footer-sml-layout":"","ast-disable-related-posts":"","theme-transparent-header-meta":"","adv-header-id-meta":"","stick-header-meta":"","header-above-stick-meta":"","header-main-stick-meta":"","header-below-stick-meta":"","astra-migrate-meta-layouts":"default","ast-page-background-enabled":"default","ast-page-background-meta":{"desktop":{"background-color":"var(--ast-global-color-4)","background-image":"","background-repeat":"repeat","background-position":"center center","background-size":"auto","background-attachment":"scroll","background-type":"","background-media":"","overlay-type":"","overlay-color":"","overlay-opacity":"","overlay-gradient":""},"tablet":{"background-color":"","background-image":"","background-repeat":"repeat","background-position":"center center","background-size":"auto","background-attachment":"scroll","background-type":"","background-media":"","overlay-type":"","overlay-color":"","overlay-opacity":"","overlay-gradient":""},"mobile":{"background-color":"","background-image":"","background-repeat":"repeat","background-position":"center center","background-size":"auto","background-attachment":"scroll","background-type":"","background-media":"","overlay-type":"","overlay-color":"","overlay-opacity":"","overlay-gradient":""}},"ast-content-background-meta":{"desktop":{"background-color":"var(--ast-global-color-5)","background-image":"","background-repeat":"repeat","background-position":"center center","background-size":"auto","background-attachment":"scroll","background-type":"","background-media":"","overlay-type":"","overlay-color":"","overlay-opacity":"","overlay-gradient":""},"tablet":{"background-color":"var(--ast-global-color-5)","background-image":"","background-repeat":"repeat","background-position":"center center","background-size":"auto","background-attachment":"scroll","background-type":"","background-media":"","overlay-type":"","overlay-color":"","overlay-opacity":"","overlay-gradient":""},"mobile":{"background-color":"var(--ast-global-color-5)","background-image":"","background-repeat":"repeat","background-position":"center center","background-size":"auto","background-attachment":"scroll","background-type":"","background-media":"","overlay-type":"","overlay-color":"","overlay-opacity":"","overlay-gradient":""}},"ngg_post_thumbnail":0,"footnotes":""},"class_list":["post-74","page","type-page","status-publish","hentry"],"_links":{"self":[{"href":"https:\/\/physics.uwb.edu.pl\/wf\/wolszewski\/wp-json\/wp\/v2\/pages\/74","targetHints":{"allow":["GET"]}}],"collection":[{"href":"https:\/\/physics.uwb.edu.pl\/wf\/wolszewski\/wp-json\/wp\/v2\/pages"}],"about":[{"href":"https:\/\/physics.uwb.edu.pl\/wf\/wolszewski\/wp-json\/wp\/v2\/types\/page"}],"author":[{"embeddable":true,"href":"https:\/\/physics.uwb.edu.pl\/wf\/wolszewski\/wp-json\/wp\/v2\/users\/25"}],"replies":[{"embeddable":true,"href":"https:\/\/physics.uwb.edu.pl\/wf\/wolszewski\/wp-json\/wp\/v2\/comments?post=74"}],"version-history":[{"count":7,"href":"https:\/\/physics.uwb.edu.pl\/wf\/wolszewski\/wp-json\/wp\/v2\/pages\/74\/revisions"}],"predecessor-version":[{"id":1639,"href":"https:\/\/physics.uwb.edu.pl\/wf\/wolszewski\/wp-json\/wp\/v2\/pages\/74\/revisions\/1639"}],"wp:attachment":[{"href":"https:\/\/physics.uwb.edu.pl\/wf\/wolszewski\/wp-json\/wp\/v2\/media?parent=74"}],"curies":[{"name":"wp","href":"https:\/\/api.w.org\/{rel}","templated":true}]}}